{"id":7682,"date":"2023-09-12T16:41:29","date_gmt":"2023-09-12T14:41:29","guid":{"rendered":"https:\/\/www.imasaf.it\/entreprise\/"},"modified":"2025-09-08T17:28:38","modified_gmt":"2025-09-08T15:28:38","slug":"entreprise","status":"publish","type":"page","link":"https:\/\/www.imasaf.it\/fr\/entreprise\/","title":{"rendered":"Entreprise"},"content":{"rendered":"\t\t<div data-elementor-type=\"wp-page\" data-elementor-id=\"7682\" class=\"elementor elementor-7682 elementor-801\" data-elementor-post-type=\"page\">\n\t\t\t\t<div class=\"elementor-element elementor-element-163f64c e-con-full e-flex e-con e-parent\" data-id=\"163f64c\" data-element_type=\"container\" id=\"video\">\n\t\t<div class=\"elementor-element elementor-element-e794454 e-con-full e-flex e-con e-child\" data-id=\"e794454\" data-element_type=\"container\">\n\t\t<div class=\"elementor-element elementor-element-60c2350 e-con-full e-flex e-con e-child\" data-id=\"60c2350\" data-element_type=\"container\" data-settings=\"{&quot;background_background&quot;:&quot;slideshow&quot;,&quot;background_slideshow_gallery&quot;:[{&quot;id&quot;:6506,&quot;url&quot;:&quot;https:\\\/\\\/www.imasaf.it\\\/wp-content\\\/uploads\\\/2025\\\/01\\\/Azienda_1954.jpg&quot;},{&quot;id&quot;:6510,&quot;url&quot;:&quot;https:\\\/\\\/www.imasaf.it\\\/wp-content\\\/uploads\\\/2025\\\/01\\\/Azienda_2025.jpg&quot;}],&quot;background_slideshow_slide_duration&quot;:2000,&quot;background_slideshow_ken_burns&quot;:&quot;yes&quot;,&quot;background_slideshow_loop&quot;:&quot;yes&quot;,&quot;background_slideshow_slide_transition&quot;:&quot;fade&quot;,&quot;background_slideshow_transition_duration&quot;:500,&quot;background_slideshow_ken_burns_zoom_direction&quot;:&quot;in&quot;}\">\n\t\t\t\t<\/div>\n\t\t<div class=\"elementor-element elementor-element-d38dc24 fullwidth-padding-right e-con-full e-flex e-con e-child\" data-id=\"d38dc24\" data-element_type=\"container\">\n\t\t\t\t<div class=\"elementor-element elementor-element-aa0b6d3 breadcrumb-wrapper elementor-widget elementor-widget-heading\" data-id=\"aa0b6d3\" data-element_type=\"widget\" data-widget_type=\"heading.default\">\n\t\t\t\t<div class=\"elementor-widget-container\">\n\t\t\t\t\t<div class=\"elementor-heading-title elementor-size-default\"><nav aria-label=\"breadcrumbs\" class=\"rank-math-breadcrumb\"><p><span class=\"last\">Home<\/span><\/p><\/nav> <\/div>\t\t\t\t<\/div>\n\t\t\t\t<\/div>\n\t\t\t\t<div class=\"elementor-element elementor-element-429c802 elementor-invisible elementor-widget elementor-widget-heading\" data-id=\"429c802\" data-element_type=\"widget\" data-settings=\"{&quot;_animation&quot;:&quot;fadeIn&quot;}\" data-widget_type=\"heading.default\">\n\t\t\t\t<div class=\"elementor-widget-container\">\n\t\t\t\t\t<h1 class=\"elementor-heading-title elementor-size-default\">QUI SOMMES-NOUS<\/h1>\t\t\t\t<\/div>\n\t\t\t\t<\/div>\n\t\t\t\t<div class=\"elementor-element elementor-element-c4be717 elementor-invisible elementor-widget elementor-widget-text-editor\" data-id=\"c4be717\" data-element_type=\"widget\" data-settings=\"{&quot;_animation&quot;:&quot;fadeIn&quot;}\" data-widget_type=\"text-editor.default\">\n\t\t\t\t<div class=\"elementor-widget-container\">\n\t\t\t\t\t\t\t\t\t<p>Fond\u00e9e en 1954, Imasaf devient rapidement une entreprise importante au sommet du march\u00e9 national et international en termes de qualit\u00e9 et d&rsquo;innovation. La production s&rsquo;\u00e9tend ainsi au-del\u00e0 du march\u00e9 automobile, auquel l&rsquo;entreprise s&rsquo;est toujours consacr\u00e9e depuis sa cr\u00e9ation.<\/p>\n<p>Aujourd&rsquo;hui, Imasaf produit des syst\u00e8mes d&rsquo;\u00e9chappement pour les voitures, les poids lourds et les machines industrielles.<\/p>\n\t\t\t\t\t\t\t\t<\/div>\n\t\t\t\t<\/div>\n\t\t\t\t<\/div>\n\t\t\t\t<\/div>\n\t\t\t\t<\/div>\n\t\t<div class=\"elementor-element elementor-element-50ab9d9 e-flex e-con-boxed e-con e-parent\" data-id=\"50ab9d9\" data-element_type=\"container\" data-settings=\"{&quot;background_background&quot;:&quot;classic&quot;}\">\n\t\t\t\t\t<div class=\"e-con-inner\">\n\t\t<div class=\"elementor-element elementor-element-8410c6b e-con-full cp-both e-flex e-con e-child\" data-id=\"8410c6b\" data-element_type=\"container\" data-settings=\"{&quot;background_background&quot;:&quot;classic&quot;}\">\n\t\t\t\t<div class=\"elementor-element elementor-element-09cab72 elementor-widget elementor-widget-heading\" data-id=\"09cab72\" data-element_type=\"widget\" data-widget_type=\"heading.default\">\n\t\t\t\t<div class=\"elementor-widget-container\">\n\t\t\t\t\t<h2 class=\"elementor-heading-title elementor-size-default\">Notre entreprise<\/h2>\t\t\t\t<\/div>\n\t\t\t\t<\/div>\n\t\t\t\t<div class=\"elementor-element elementor-element-5d078ff elementor-widget elementor-widget-video\" data-id=\"5d078ff\" data-element_type=\"widget\" data-settings=\"{&quot;youtube_url&quot;:&quot;https:\\\/\\\/youtu.be\\\/y_0sqCwj_rQ&quot;,&quot;video_type&quot;:&quot;youtube&quot;,&quot;controls&quot;:&quot;yes&quot;}\" data-widget_type=\"video.default\">\n\t\t\t\t<div class=\"elementor-widget-container\">\n\t\t\t\t\t\t\t<div class=\"elementor-wrapper elementor-open-inline\">\n\t\t\t<div class=\"elementor-video\"><\/div>\t\t<\/div>\n\t\t\t\t\t\t<\/div>\n\t\t\t\t<\/div>\n\t\t\t\t<\/div>\n\t\t\t\t\t<\/div>\n\t\t\t\t<\/div>\n\t\t<div class=\"elementor-element elementor-element-4b5a2af e-con-full e-flex e-con e-parent\" data-id=\"4b5a2af\" data-element_type=\"container\">\n\t\t<div class=\"elementor-element elementor-element-2d0e7a9 e-con-full e-flex e-con e-child\" data-id=\"2d0e7a9\" data-element_type=\"container\">\n\t\t<div class=\"elementor-element elementor-element-c622c54 fullwidth-padding-left e-con-full e-flex e-con e-child\" data-id=\"c622c54\" data-element_type=\"container\">\n\t\t\t\t<div class=\"elementor-element elementor-element-7c76af2 elementor-widget elementor-widget-heading\" data-id=\"7c76af2\" data-element_type=\"widget\" data-widget_type=\"heading.default\">\n\t\t\t\t<div class=\"elementor-widget-container\">\n\t\t\t\t\t<h2 class=\"elementor-heading-title elementor-size-default\">IMASAF en chiffres<\/h2>\t\t\t\t<\/div>\n\t\t\t\t<\/div>\n\t\t<div class=\"elementor-element elementor-element-6dbe471 e-con-full e-flex e-con e-child\" data-id=\"6dbe471\" data-element_type=\"container\">\n\t\t<div class=\"elementor-element elementor-element-5f6ad3f e-con-full e-flex e-con e-child\" data-id=\"5f6ad3f\" data-element_type=\"container\">\n\t\t\t\t<div class=\"elementor-element elementor-element-30fbbfc elementor-widget elementor-widget-eael-counter\" data-id=\"30fbbfc\" data-element_type=\"widget\" data-widget_type=\"eael-counter.default\">\n\t\t\t\t<div class=\"elementor-widget-container\">\n\t\t\t\t\t        <div class=\"eael-counter-container\">\n            <div class=\"eael-counter eael-counter-30fbbfc eael-counter-layout-1\" data-target=\".eael-counter-number-30fbbfc\">\n                                                    \n                    <div class=\"eael-counter-number-title-wrap\">\n                        <div class=\"eael-counter-number-wrap\">\n                                                        <div class=\"eael-counter-number eael-counter-number-30fbbfc\" data-to=\"11000\" data-speed=\"1500\">0<\/div>\n                                                    <\/div>\n\n                        \n                        <div class=\"eael-counter-title\">Articles dans le catalogue<\/div>                    <\/div>\n                            <\/div>\n        <\/div><!-- .eael-counter-container -->\n        \t\t\t\t<\/div>\n\t\t\t\t<\/div>\n\t\t\t\t<\/div>\n\t\t<div class=\"elementor-element elementor-element-fb808b3 e-con-full e-flex e-con e-child\" data-id=\"fb808b3\" data-element_type=\"container\">\n\t\t\t\t<div class=\"elementor-element elementor-element-c0644ee elementor-widget elementor-widget-eael-counter\" data-id=\"c0644ee\" data-element_type=\"widget\" data-widget_type=\"eael-counter.default\">\n\t\t\t\t<div class=\"elementor-widget-container\">\n\t\t\t\t\t        <div class=\"eael-counter-container\">\n            <div class=\"eael-counter eael-counter-c0644ee eael-counter-layout-1\" data-target=\".eael-counter-number-c0644ee\">\n                                                    \n                    <div class=\"eael-counter-number-title-wrap\">\n                        <div class=\"eael-counter-number-wrap\">\n                                                        <div class=\"eael-counter-number eael-counter-number-c0644ee\" data-to=\"50000\" data-speed=\"1500\">0<\/div>\n                                                    <\/div>\n\n                        \n                        <div class=\"eael-counter-title\">M\u00e8tres carr\u00e9s d'usine de production<\/div>                    <\/div>\n                            <\/div>\n        <\/div><!-- .eael-counter-container -->\n        \t\t\t\t<\/div>\n\t\t\t\t<\/div>\n\t\t\t\t<\/div>\n\t\t<div class=\"elementor-element elementor-element-17e7fd6 e-con-full e-flex e-con e-child\" data-id=\"17e7fd6\" data-element_type=\"container\">\n\t\t\t\t<div class=\"elementor-element elementor-element-2162fea elementor-widget elementor-widget-eael-counter\" data-id=\"2162fea\" data-element_type=\"widget\" id=\"certificazioni\" data-widget_type=\"eael-counter.default\">\n\t\t\t\t<div class=\"elementor-widget-container\">\n\t\t\t\t\t        <div class=\"eael-counter-container\">\n            <div class=\"eael-counter eael-counter-2162fea eael-counter-layout-1\" data-target=\".eael-counter-number-2162fea\">\n                                                    \n                    <div class=\"eael-counter-number-title-wrap\">\n                        <div class=\"eael-counter-number-wrap\">\n                                                        <div class=\"eael-counter-number eael-counter-number-2162fea\" data-to=\"3000\" data-speed=\"1500\">0<\/div>\n                                                    <\/div>\n\n                        \n                        <div class=\"eael-counter-title\">Articles produits par jour<\/div>                    <\/div>\n                            <\/div>\n        <\/div><!-- .eael-counter-container -->\n        \t\t\t\t<\/div>\n\t\t\t\t<\/div>\n\t\t\t\t<\/div>\n\t\t\t\t<\/div>\n\t\t\t\t<\/div>\n\t\t<div class=\"elementor-element elementor-element-4674b8e e-con-full e-flex e-con e-child\" data-id=\"4674b8e\" data-element_type=\"container\" data-settings=\"{&quot;background_background&quot;:&quot;classic&quot;}\">\n\t\t\t\t<\/div>\n\t\t\t\t<\/div>\n\t\t\t\t<\/div>\n\t\t<div class=\"elementor-element elementor-element-1fb9cb4 e-flex e-con-boxed e-con e-parent\" data-id=\"1fb9cb4\" data-element_type=\"container\" data-settings=\"{&quot;background_background&quot;:&quot;classic&quot;}\">\n\t\t\t\t\t<div class=\"e-con-inner\">\n\t\t<div class=\"elementor-element elementor-element-eefcdf9 cp-both e-flex e-con-boxed e-con e-child\" data-id=\"eefcdf9\" data-element_type=\"container\">\n\t\t\t\t\t<div class=\"e-con-inner\">\n\t\t<div class=\"elementor-element elementor-element-e45de73 e-flex e-con-boxed e-con e-child\" data-id=\"e45de73\" data-element_type=\"container\">\n\t\t\t\t\t<div class=\"e-con-inner\">\n\t\t\t\t<div class=\"elementor-element elementor-element-c802033 elementor-widget elementor-widget-heading\" data-id=\"c802033\" data-element_type=\"widget\" data-widget_type=\"heading.default\">\n\t\t\t\t<div class=\"elementor-widget-container\">\n\t\t\t\t\t<h2 class=\"elementor-heading-title elementor-size-default\">Certifications<\/h2>\t\t\t\t<\/div>\n\t\t\t\t<\/div>\n\t\t\t\t<div class=\"elementor-element elementor-element-1562b80 elementor-widget elementor-widget-text-editor\" data-id=\"1562b80\" data-element_type=\"widget\" data-widget_type=\"text-editor.default\">\n\t\t\t\t<div class=\"elementor-widget-container\">\n\t\t\t\t\t\t\t\t\t<p>La garantie de s\u00e9curit\u00e9, les comp\u00e9tences \u00e9lev\u00e9es acquises en plus de 70 ans et les excellentes normes de qualit\u00e9 ont \u00e9t\u00e9 confirm\u00e9es par des organismes accr\u00e9dit\u00e9s qui ont d\u00e9livr\u00e9 d&rsquo;importantes certifications de syst\u00e8me.<\/p>\n\t\t\t\t\t\t\t\t<\/div>\n\t\t\t\t<\/div>\n\t\t\t\t\t<\/div>\n\t\t\t\t<\/div>\n\t\t<div class=\"elementor-element elementor-element-7ac45c5 e-con-full e-flex e-con e-child\" data-id=\"7ac45c5\" data-element_type=\"container\">\n\t\t<div class=\"elementor-element elementor-element-a79de07 e-con-full e-flex e-con e-child\" data-id=\"a79de07\" data-element_type=\"container\">\n\t\t\t\t<div class=\"elementor-element elementor-element-f9e3813 elementor-widget__width-initial animated-slow elementor-invisible elementor-widget elementor-widget-image\" data-id=\"f9e3813\" data-element_type=\"widget\" data-settings=\"{&quot;_animation&quot;:&quot;zoomIn&quot;}\" data-widget_type=\"image.default\">\n\t\t\t\t<div class=\"elementor-widget-container\">\n\t\t\t\t\t\t\t\t\t\t\t\t\t\t\t\t<a href=\"https:\/\/www.imasaf.it\/wp-content\/uploads\/2025\/03\/2025_Certificato_ISO_9001_EN.pdf\" target=\"_blank\">\n\t\t\t\t\t\t\t<img fetchpriority=\"high\" decoding=\"async\" width=\"495\" height=\"496\" src=\"https:\/\/www.imasaf.it\/wp-content\/uploads\/2023\/11\/91_ISO9001_rgb_120.gif\" class=\"attachment-full size-full wp-image-1618\" alt=\"\" \/>\t\t\t\t\t\t\t\t<\/a>\n\t\t\t\t\t\t\t\t\t\t\t\t\t\t\t<\/div>\n\t\t\t\t<\/div>\n\t\t\t\t<\/div>\n\t\t<div class=\"elementor-element elementor-element-feee6c6 e-con-full e-flex e-con e-child\" data-id=\"feee6c6\" data-element_type=\"container\">\n\t\t\t\t<div class=\"elementor-element elementor-element-cf5e99a elementor-widget__width-initial animated-slow elementor-invisible elementor-widget elementor-widget-image\" data-id=\"cf5e99a\" data-element_type=\"widget\" data-settings=\"{&quot;_animation&quot;:&quot;zoomIn&quot;}\" data-widget_type=\"image.default\">\n\t\t\t\t<div class=\"elementor-widget-container\">\n\t\t\t\t\t\t\t\t\t\t\t\t\t\t\t\t<a href=\"https:\/\/www.imasaf.it\/wp-content\/uploads\/2025\/07\/2025_Certificato_IATF_en.pdf\" target=\"_blank\">\n\t\t\t\t\t\t\t<img decoding=\"async\" width=\"298\" height=\"298\" src=\"https:\/\/www.imasaf.it\/wp-content\/uploads\/2024\/11\/IATF_16949_colour_single.gif\" class=\"attachment-full size-full wp-image-6136\" alt=\"\" \/>\t\t\t\t\t\t\t\t<\/a>\n\t\t\t\t\t\t\t\t\t\t\t\t\t\t\t<\/div>\n\t\t\t\t<\/div>\n\t\t\t\t<\/div>\n\t\t\t\t<\/div>\n\t\t\t\t\t<\/div>\n\t\t\t\t<\/div>\n\t\t\t\t\t<\/div>\n\t\t\t\t<\/div>\n\t\t<div class=\"elementor-element elementor-element-0042a8c e-con-full e-flex e-con e-parent\" data-id=\"0042a8c\" data-element_type=\"container\" id=\"governance\">\n\t\t<div class=\"elementor-element elementor-element-dbae8cc e-con-full e-flex e-con e-child\" data-id=\"dbae8cc\" data-element_type=\"container\">\n\t\t<div class=\"elementor-element elementor-element-0872383 e-con-full e-flex e-con e-child\" data-id=\"0872383\" data-element_type=\"container\">\n\t\t<div class=\"elementor-element elementor-element-d647728 e-con-full e-flex e-con e-child\" data-id=\"d647728\" data-element_type=\"container\" data-settings=\"{&quot;background_background&quot;:&quot;classic&quot;}\">\n\t\t\t\t<\/div>\n\t\t<div class=\"elementor-element elementor-element-236e81c fullwidth-padding-right e-con-full e-flex e-con e-child\" data-id=\"236e81c\" data-element_type=\"container\">\n\t\t\t\t<div class=\"elementor-element elementor-element-1151bce breadcrumb-wrapper elementor-widget elementor-widget-heading\" data-id=\"1151bce\" data-element_type=\"widget\" data-widget_type=\"heading.default\">\n\t\t\t\t<div class=\"elementor-widget-container\">\n\t\t\t\t\t<div class=\"elementor-heading-title elementor-size-default\"><nav aria-label=\"breadcrumbs\" class=\"rank-math-breadcrumb\"><p><span class=\"last\">Home<\/span><\/p><\/nav> <\/div>\t\t\t\t<\/div>\n\t\t\t\t<\/div>\n\t\t\t\t<div class=\"elementor-element elementor-element-4a10e70 elementor-invisible elementor-widget elementor-widget-heading\" data-id=\"4a10e70\" data-element_type=\"widget\" data-settings=\"{&quot;_animation&quot;:&quot;fadeIn&quot;}\" data-widget_type=\"heading.default\">\n\t\t\t\t<div class=\"elementor-widget-container\">\n\t\t\t\t\t<h1 class=\"elementor-heading-title elementor-size-default\">Gouvernance d'entreprise<\/h1>\t\t\t\t<\/div>\n\t\t\t\t<\/div>\n\t\t\t\t<div class=\"elementor-element elementor-element-a5427df elementor-invisible elementor-widget elementor-widget-text-editor\" data-id=\"a5427df\" data-element_type=\"widget\" data-settings=\"{&quot;_animation&quot;:&quot;fadeIn&quot;}\" data-widget_type=\"text-editor.default\">\n\t\t\t\t<div class=\"elementor-widget-container\">\n\t\t\t\t\t\t\t\t\t<p>Transparence, responsabilit\u00e9, \u00e9quit\u00e9 et gestion efficace.<\/p>\n<p>Tels sont les quatre principes qui r\u00e9gissent la gestion et le fonctionnement de notre entreprise.<\/p>\n<p>D\u00e9couvrez comment nous les mettons en \u0153uvre.<\/p>\n\t\t\t\t\t\t\t\t<\/div>\n\t\t\t\t<\/div>\n\t\t\t\t<\/div>\n\t\t\t\t<\/div>\n\t\t\t\t<\/div>\n\t\t<div class=\"elementor-element elementor-element-fa3e413 e-flex e-con-boxed e-con e-child\" data-id=\"fa3e413\" data-element_type=\"container\">\n\t\t\t\t\t<div class=\"e-con-inner\">\n\t\t\t\t<div class=\"elementor-element elementor-element-49b882d elementor-widget elementor-widget-heading\" data-id=\"49b882d\" data-element_type=\"widget\" data-widget_type=\"heading.default\">\n\t\t\t\t<div class=\"elementor-widget-container\">\n\t\t\t\t\t<h2 class=\"elementor-heading-title elementor-size-default\">ESG \u2013 Rapport de d\u00e9veloppement durable<\/h2>\t\t\t\t<\/div>\n\t\t\t\t<\/div>\n\t\t\t\t<div class=\"elementor-element elementor-element-0deb384 elementor-widget elementor-widget-text-editor\" data-id=\"0deb384\" data-element_type=\"widget\" data-widget_type=\"text-editor.default\">\n\t\t\t\t<div class=\"elementor-widget-container\">\n\t\t\t\t\t\t\t\t\t<p>Guid\u00e9s par la durabilit\u00e9, nous encourageons les changements positifs. C&rsquo;est pourquoi IMASAF a lanc\u00e9 un programme ESG visant \u00e0 int\u00e9grer la durabilit\u00e9 environnementale, la responsabilit\u00e9 sociale et la gouvernance \u00e9thique dans ses activit\u00e9s, dans le but d&rsquo;avoir un impact positif sur l&rsquo;avenir de tous.<\/p>\n\t\t\t\t\t\t\t\t<\/div>\n\t\t\t\t<\/div>\n\t\t\t\t<div class=\"elementor-element elementor-element-3820364 elementor-widget elementor-widget-heading\" data-id=\"3820364\" data-element_type=\"widget\" id=\"codiceetico\" data-widget_type=\"heading.default\">\n\t\t\t\t<div class=\"elementor-widget-container\">\n\t\t\t\t\t<h2 class=\"elementor-heading-title elementor-size-default\">Code \u00e9thique<\/h2>\t\t\t\t<\/div>\n\t\t\t\t<\/div>\n\t\t<div class=\"elementor-element elementor-element-ced932f e-flex e-con-boxed e-con e-child\" data-id=\"ced932f\" data-element_type=\"container\" codice=\"etico\">\n\t\t\t\t\t<div class=\"e-con-inner\">\n\t\t\t\t<div class=\"elementor-element elementor-element-de8d9c9 elementor-widget elementor-widget-text-editor\" data-id=\"de8d9c9\" data-element_type=\"widget\" data-widget_type=\"text-editor.default\">\n\t\t\t\t<div class=\"elementor-widget-container\">\n\t\t\t\t\t\t\t\t\t<p>Depuis toujours, Imasaf s&rsquo;engage \u00e0 respecter et \u00e0 transmettre \u00e0 ses employ\u00e9s des valeurs, des normes et des responsabilit\u00e9s afin de promouvoir et de garantir un environnement de travail int\u00e8gre et responsable.<\/p>\n<p>Tout cela est exprim\u00e9 et d\u00e9crit dans notre Code d&rsquo;\u00e9thique.<\/p>\n\t\t\t\t\t\t\t\t<\/div>\n\t\t\t\t<\/div>\n\t\t\t\t\t<\/div>\n\t\t\t\t<\/div>\n\t\t\t\t<div class=\"elementor-element elementor-element-4ac0a49 elementor-widget elementor-widget-heading\" data-id=\"4ac0a49\" data-element_type=\"widget\" data-widget_type=\"heading.default\">\n\t\t\t\t<div class=\"elementor-widget-container\">\n\t\t\t\t\t<h2 class=\"elementor-heading-title elementor-size-default\">Whistleblowing<\/h2>\t\t\t\t<\/div>\n\t\t\t\t<\/div>\n\t\t\t\t<div class=\"elementor-element elementor-element-339edda elementor-widget elementor-widget-text-editor\" data-id=\"339edda\" data-element_type=\"widget\" data-widget_type=\"text-editor.default\">\n\t\t\t\t<div class=\"elementor-widget-container\">\n\t\t\t\t\t\t\t\t\t<p>Imasaf encourage activement le signalement des violations des lois nationales ou europ\u00e9ennes susceptibles de compromettre l&rsquo;int\u00e9r\u00eat public ou l&rsquo;int\u00e9grit\u00e9 de l&rsquo;organisation elle-m\u00eame. Ce soutien est conforme aux principes \u00e9nonc\u00e9s dans notre code d&rsquo;\u00e9thique, c&rsquo;est pourquoi toute personne ayant connaissance de telles violations dans le cadre de son travail est encourag\u00e9e \u00e0 les signaler.<\/p><p>Le processus de signalement peut \u00eatre lanc\u00e9 par le lanceur d&rsquo;alerte via la plateforme d\u00e9di\u00e9e accessible via le lien suivant, qui permet d&rsquo;envoyer le signalement de mani\u00e8re identifi\u00e9e ou anonyme.<\/p>\t\t\t\t\t\t\t\t<\/div>\n\t\t\t\t<\/div>\n\t\t<div class=\"elementor-element elementor-element-ca7f450 e-flex e-con-boxed e-con e-child\" data-id=\"ca7f450\" data-element_type=\"container\">\n\t\t\t\t\t<div class=\"e-con-inner\">\n\t\t\t\t<div class=\"elementor-element elementor-element-1ee4289 elementor-align-center yellow-icon elementor-mobile-align-center elementor-widget elementor-widget-button\" data-id=\"1ee4289\" data-element_type=\"widget\" data-widget_type=\"button.default\">\n\t\t\t\t<div class=\"elementor-widget-container\">\n\t\t\t\t\t\t\t\t\t<div class=\"elementor-button-wrapper\">\n\t\t\t\t\t<a class=\"elementor-button elementor-button-link elementor-size-sm\" href=\"https:\/\/imasaf.segnalazioni.net\" target=\"_blank\" rel=\"noopener\">\n\t\t\t\t\t\t<span class=\"elementor-button-content-wrapper\">\n\t\t\t\t\t\t<span class=\"elementor-button-icon\">\n\t\t\t\t<svg aria-hidden=\"true\" class=\"e-font-icon-svg e-fas-universal-access\" viewBox=\"0 0 512 512\" xmlns=\"http:\/\/www.w3.org\/2000\/svg\"><path d=\"M256 48c114.953 0 208 93.029 208 208 0 114.953-93.029 208-208 208-114.953 0-208-93.029-208-208 0-114.953 93.029-208 208-208m0-40C119.033 8 8 119.033 8 256s111.033 248 248 248 248-111.033 248-248S392.967 8 256 8zm0 56C149.961 64 64 149.961 64 256s85.961 192 192 192 192-85.961 192-192S362.039 64 256 64zm0 44c19.882 0 36 16.118 36 36s-16.118 36-36 36-36-16.118-36-36 16.118-36 36-36zm117.741 98.023c-28.712 6.779-55.511 12.748-82.14 15.807.851 101.023 12.306 123.052 25.037 155.621 3.617 9.26-.957 19.698-10.217 23.315-9.261 3.617-19.699-.957-23.316-10.217-8.705-22.308-17.086-40.636-22.261-78.549h-9.686c-5.167 37.851-13.534 56.208-22.262 78.549-3.615 9.255-14.05 13.836-23.315 10.217-9.26-3.617-13.834-14.056-10.217-23.315 12.713-32.541 24.185-54.541 25.037-155.621-26.629-3.058-53.428-9.027-82.141-15.807-8.6-2.031-13.926-10.648-11.895-19.249s10.647-13.926 19.249-11.895c96.686 22.829 124.283 22.783 220.775 0 8.599-2.03 17.218 3.294 19.249 11.895 2.029 8.601-3.297 17.219-11.897 19.249z\"><\/path><\/svg>\t\t\t<\/span>\n\t\t\t\t\t\t\t\t\t<span class=\"elementor-button-text\">Acc\u00e9dez \u00e0 la plateforme de signalement<\/span>\n\t\t\t\t\t<\/span>\n\t\t\t\t\t<\/a>\n\t\t\t\t<\/div>\n\t\t\t\t\t\t\t\t<\/div>\n\t\t\t\t<\/div>\n\t\t\t\t\t<\/div>\n\t\t\t\t<\/div>\n\t\t\t\t\t<\/div>\n\t\t\t\t<\/div>\n\t\t\t\t<\/div>\n\t\t\t\t<\/div>\n\t\t","protected":false},"excerpt":{"rendered":"<p>Fond\u00e9e en 1954, Imasaf devient rapidement une entreprise importante au sommet du march\u00e9 national et international en termes de qualit\u00e9 et d&rsquo;innovation.<br \/>\nAujourd&rsquo;hui, Imasaf produit des syst\u00e8mes d&rsquo;\u00e9chappement pour les voitures, les poids lourds et les machines industrielles.<\/p>\n","protected":false},"author":17,"featured_media":0,"parent":0,"menu_order":0,"comment_status":"closed","ping_status":"closed","template":"elementor_header_footer","meta":{"footnotes":""},"class_list":["post-7682","page","type-page","status-publish","hentry"],"_links":{"self":[{"href":"https:\/\/www.imasaf.it\/fr\/wp-json\/wp\/v2\/pages\/7682","targetHints":{"allow":["GET"]}}],"collection":[{"href":"https:\/\/www.imasaf.it\/fr\/wp-json\/wp\/v2\/pages"}],"about":[{"href":"https:\/\/www.imasaf.it\/fr\/wp-json\/wp\/v2\/types\/page"}],"author":[{"embeddable":true,"href":"https:\/\/www.imasaf.it\/fr\/wp-json\/wp\/v2\/users\/17"}],"replies":[{"embeddable":true,"href":"https:\/\/www.imasaf.it\/fr\/wp-json\/wp\/v2\/comments?post=7682"}],"version-history":[{"count":12,"href":"https:\/\/www.imasaf.it\/fr\/wp-json\/wp\/v2\/pages\/7682\/revisions"}],"predecessor-version":[{"id":7881,"href":"https:\/\/www.imasaf.it\/fr\/wp-json\/wp\/v2\/pages\/7682\/revisions\/7881"}],"wp:attachment":[{"href":"https:\/\/www.imasaf.it\/fr\/wp-json\/wp\/v2\/media?parent=7682"}],"curies":[{"name":"wp","href":"https:\/\/api.w.org\/{rel}","templated":true}]}}