{"id":7829,"date":"2021-02-23T09:54:11","date_gmt":"2021-02-23T08:54:11","guid":{"rendered":"https:\/\/www.imasaf.it\/cookie-policy\/"},"modified":"2025-09-05T15:39:04","modified_gmt":"2025-09-05T13:39:04","slug":"cookie-policy","status":"publish","type":"page","link":"https:\/\/www.imasaf.it\/fr\/cookie-policy\/","title":{"rendered":"Cookie Policy"},"content":{"rendered":"\t\t<div data-elementor-type=\"wp-page\" data-elementor-id=\"7829\" class=\"elementor elementor-7829 elementor-249\" data-elementor-post-type=\"page\">\n\t\t\t\t<div class=\"elementor-element elementor-element-d3a5da3 e-flex e-con-boxed e-con e-parent\" data-id=\"d3a5da3\" data-element_type=\"container\">\n\t\t\t\t\t<div class=\"e-con-inner\">\n\t\t\t\t<div class=\"elementor-element elementor-element-e92998f elementor-widget elementor-widget-text-editor\" data-id=\"e92998f\" data-element_type=\"widget\" data-widget_type=\"text-editor.default\">\n\t\t\t\t<div class=\"elementor-widget-container\">\n\t\t\t\t\t\t\t\t\t<p>Le site www.imasaf.it utilise, dans certains cas, des cookies. Leur utilisation est principalement li\u00e9e \u00e0 des raisons techniques et au fonctionnement du syst\u00e8me. Les informations collect\u00e9es par les cookies ne visent pas \u00e0 identifier personnellement l&rsquo;utilisateur, mais contiennent des donn\u00e9es g\u00e9n\u00e9rales sur les param\u00e8tres de l&rsquo;ordinateur, le syst\u00e8me d&rsquo;exploitation, l&rsquo;adresse IP et le temps de navigation sur le site web. Les informations collect\u00e9es peuvent \u00eatre utilis\u00e9es sous forme agr\u00e9g\u00e9e \u00e0 des fins de marketing et d&rsquo;analyse de l&rsquo;utilisation du site web.<br \/>Que sont les cookies<br \/>Les cookies sont de petits fichiers texte envoy\u00e9s par un serveur \u00e0 un client web (une information stock\u00e9e par le site web visit\u00e9 sur l&rsquo;ordinateur de l&rsquo;utilisateur). Ils sont g\u00e9n\u00e9ralement utilis\u00e9s pour m\u00e9moriser les pr\u00e9f\u00e9rences, les donn\u00e9es et les informations de navigation des visiteurs sur ce site web particulier, mais ils ne contiennent pas de donn\u00e9es personnelles.<br \/>Utilisation des cookies<br \/>La plupart des navigateurs Internet acceptent automatiquement les cookies, mais il est possible de modifier les param\u00e8tres du navigateur pour supprimer les cookies ou emp\u00eacher leur acceptation automatique. L&rsquo;utilisateur du site est autoris\u00e9 \u00e0 refuser l&rsquo;utilisation des cookies. Si l&rsquo;utilisateur refuse l&rsquo;utilisation des cookies, la possibilit\u00e9 de fournir des services personnalis\u00e9s sera limit\u00e9e. Dans ce dernier cas, certaines fonctionnalit\u00e9s du site pourraient ne pas fonctionner correctement et certains services pourraient ne pas \u00eatre disponibles. Vous trouverez ci-dessous une s\u00e9rie de liens vers les guides de configuration des cookies des principaux navigateurs.<br \/>Internet Explorer : http:\/\/support.microsoft.com\/kb\/278835<br \/>Internet Explorer : [version mobile] : http:\/\/www.windowsphone.com\/en-us\/how-to\/wp7\/web\/changing-privacy-and-other-browser-settings<br \/>Chrome : http:\/\/support.google.com\/chrome\/bin\/answer.py?hl=en-GB&#038;;;answer=95647<br \/>Safari : http:\/\/docs.info.apple.com\/article.html?path=Safari\/5.0\/en\/9277.html<br \/>Safari [version mobile] : http:\/\/support.apple.com\/kb\/HT1677<br \/>Firefox : http:\/\/support.mozilla.org\/en-US\/kb\/Enabling%20and%20disabling%20cookies<br \/>Blackberries : http:\/\/docs.blackberry.com\/en\/smartphone_users\/deliverables\/32004\/Turn_off_cookies_in_the_browser_60_1072866_11.jsp<br \/>Android : http:\/\/support.google.com\/mobile\/bin\/answer.py?hl=en&#038;;;answer=169022<br \/>Opera : http:\/\/www.opera.com\/browser\/tutorials\/security\/privacy\/<br \/>Veuillez noter que lorsque vous d\u00e9sactivez les cookies dans votre navigateur, ces param\u00e8tres s&rsquo;appliquent \u00e0 tous les sites web et pas seulement \u00e0 celui-ci.<br \/>Types de cookies<br \/>Il existe deux types de cookies :<br \/>les cookies propri\u00e9taires : soumis et lisibles uniquement par le domaine qui les a cr\u00e9\u00e9s ;<br \/>les cookies tiers : soumis et cr\u00e9\u00e9s par des domaines externes \u00e0 celui que nous visitons.<br \/>Ils peuvent \u00eatre<br \/>de session (ou temporaires) : ils sont supprim\u00e9s \u00e0 la fermeture du navigateur ;<br \/>persistants : ils restent stock\u00e9s sous forme de fichiers, m\u00eame apr\u00e8s la fermeture du navigateur, et sont supprim\u00e9s apr\u00e8s un certain temps pr\u00e9d\u00e9fini.<br \/>Pour plus d&rsquo;informations sur les cookies, consultez : http:\/\/www.cookiecentral.com.<br \/>Les cookies et www.imasaf.it<br \/>Le site www.imasaf.it utilise diff\u00e9rents types de cookies \u00e0 des fins et pour des objectifs multiples :<br \/>cookies de premi\u00e8re partie de session, \u00e0 des fins techniques et de fonctionnement du syst\u00e8me (par exemple, lors de l&rsquo;authentification, de l&rsquo;autorisation et de la navigation dans les services auxquels on acc\u00e8de par le biais d&rsquo;un enregistrement) ;<br \/>cookies tiers, pour les statistiques web (r\u00e9alis\u00e9es sur la base de donn\u00e9es agr\u00e9g\u00e9es et anonymes) ;<br \/>cookies tiers, pour les outils de partage de pages et les services li\u00e9s aux r\u00e9seaux sociaux.<br \/>Cookies tiers, informations<br \/>Informations Facebook : https:\/\/www.facebook.com\/help\/cookies\/<br \/>Facebook (configuration) : acc\u00e9dez \u00e0 votre compte. Section confidentialit\u00e9.<br \/>Informations Twitter : https:\/\/support.twitter.com\/articles\/20170514<br \/>Twitter (configuration) : https:\/\/twitter.com\/settings\/security<br \/>Informations LinkedIn : https:\/\/www.linkedin.com\/legal\/cookie-policy<br \/>LinkedIn (configuration) : https:\/\/www.linkedin.com\/settings\/<br \/>Informations Google+ : http:\/\/www.google.it\/intl\/it\/policies\/technologies\/cookies\/<br \/>Google+ (configuration) : http:\/\/www.google.it\/intl\/it\/policies\/technologies\/managing\/<\/p>\n<p>Google Analytics<\/p>\n<p>Le site www.imasaf.it comprend \u00e9galement certains composants transmis par Google Analytics, un service d&rsquo;analyse du trafic web fourni par Google, Inc. (\u00ab Google \u00bb). Dans ce cas \u00e9galement, il s&rsquo;agit de cookies tiers collect\u00e9s et g\u00e9r\u00e9s de mani\u00e8re anonyme afin de surveiller et d&rsquo;am\u00e9liorer les performances du site h\u00f4te (cookies de performance). Google Analytics utilise des \u00ab cookies \u00bb pour collecter et analyser de mani\u00e8re anonyme des informations sur le comportement des utilisateurs du site web www.imasaf.it (y compris l&rsquo;adresse IP de l&rsquo;utilisateur). Ces informations sont collect\u00e9es par Google Analytics, qui les traite afin de r\u00e9diger des rapports sur les activit\u00e9s du site web. Ce site n&rsquo;utilise pas (et n&rsquo;autorise pas des tiers \u00e0 utiliser) l&rsquo;outil d&rsquo;analyse de Google pour surveiller ou collecter des informations personnelles identifiables. Google n&rsquo;associe l&rsquo;adresse IP \u00e0 aucune autre donn\u00e9e d\u00e9tenue par Google et ne cherche pas \u00e0 relier une adresse IP \u00e0 l&rsquo;identit\u00e9 d&rsquo;un utilisateur. Google peut \u00e9galement communiquer ces informations \u00e0 des tiers lorsque la loi l&rsquo;exige ou lorsque ces tiers traitent ces informations pour le compte de Google. Pour plus d&rsquo;informations, veuillez consulter le lien suivant : https:\/\/www.google.it\/policies\/privacy\/partners\/ L&rsquo;utilisateur peut d\u00e9sactiver de mani\u00e8re s\u00e9lective l&rsquo;action de Google Analytics en installant sur son navigateur le composant de d\u00e9sactivation fourni par Google. Pour d\u00e9sactiver Google Analytics, veuillez consulter le lien suivant : https:\/\/tools.google.com\/dlpage\/gaoptout Toute modification apport\u00e9e \u00e0 cette politique sera publi\u00e9e dans cette section et entrera en vigueur d\u00e8s sa publication. En continuant \u00e0 utiliser le site web, vous acceptez ces modifications.<\/p>\n<p>Le site www.imasaf.it utilise, dans certains cas, des cookies. Leur utilisation principale est li\u00e9e \u00e0 des raisons techniques et au fonctionnement du syst\u00e8me. Les informations collect\u00e9es \u00e0 partir des cookies ne sont pas destin\u00e9es \u00e0 vous identifier personnellement, mais elles contiennent des informations g\u00e9n\u00e9rales sur les param\u00e8tres de l&rsquo;ordinateur, le syst\u00e8me d&rsquo;exploitation, l&rsquo;adresse IP et le temps de navigation sur le site web. Les informations collect\u00e9es peuvent \u00eatre utilis\u00e9es sous forme agr\u00e9g\u00e9e \u00e0 des fins de marketing et d&rsquo;analyse de l&rsquo;utilisation du site web.<br \/>Que sont les cookies<br \/>Les cookies sont des cha\u00eenes de texte de petite taille, envoy\u00e9es par un serveur \u00e0 un client web (informations stock\u00e9es par le site web, visit\u00e9es sur le navigateur de l&rsquo;ordinateur).<br \/>Ils sont g\u00e9n\u00e9ralement utilis\u00e9s pour m\u00e9moriser vos pr\u00e9f\u00e9rences, vos donn\u00e9es et les informations de navigation des visiteurs de ce site web particulier, mais ne contiennent pas de donn\u00e9es personnelles.<br \/>L&rsquo;utilisation des cookies<br \/>La plupart des navigateurs Internet acceptent automatiquement les cookies, mais vous pouvez modifier les param\u00e8tres de votre navigateur pour effacer les cookies ou emp\u00eacher leur acceptation automatique.<br \/>L&rsquo;utilisateur du site est autoris\u00e9 \u00e0 refuser l&rsquo;utilisation des cookies. Si vous refusez l&rsquo;utilisation des cookies, la possibilit\u00e9 de fournir des services personnalis\u00e9s sera limit\u00e9e. Dans ce cas, certaines fonctionnalit\u00e9s du site peuvent ne pas fonctionner correctement et certains services peuvent ne pas \u00eatre disponibles.<br \/>Voici une s\u00e9rie de liens vers des guides pour les param\u00e8tres des cookies des principaux navigateurs.<br \/>Internet Explorer : http:\/\/support.microsoft.com\/kb\/278835<br \/>Internet Explorer : [version mobile] : http:\/\/www.windowsphone.com\/en-us\/how-to\/wp7\/web\/changing-privacy-and-other-browser-settings<br \/>Chrome : http:\/\/support.google.com\/chrome\/bin\/answer.py?hl=en-GB&#038;;;answer=95647<br \/>Safari : http:\/\/docs.info.apple.com\/article.html?path=Safari\/5.0\/en\/9277.html<br \/>Safari [version mobile] : http:\/\/support.apple.com\/kb\/HT1677<br \/>Firefox : http:\/\/support.mozilla.org\/en-US\/kb\/Enabling%20and%20disabling%20cookies<br \/>Blackberries : http:\/\/docs.blackberry.com\/en\/smartphone_users\/deliverables\/32004\/Turn_off_cookies_in_the_browser_60_1072866_11.jsp<br \/>Android : http:\/\/support.google.com\/mobile\/bin\/answer.py?hl=en&#038;;;answer=169022<br \/>Opera : http:\/\/www.opera.com\/browser\/tutorials\/security\/privacy\/<br \/>Veuillez noter que la d\u00e9sactivation des cookies dans votre navigateur s&rsquo;applique \u00e0 tous les sites web, et pas seulement \u00e0 celui-ci.<br \/>Types de cookies<br \/>Il existe deux types de cookies :<br \/>les cookies propri\u00e9taires (ou de premi\u00e8re partie) : soumis et lisibles uniquement par le domaine qui les a cr\u00e9\u00e9s ;<br \/>les cookies tiers : soumis et cr\u00e9\u00e9s \u00e0 partir de domaines externes \u00e0 celui que nous visitons.<br \/>Ils peuvent \u00eatre<br \/>de session (temporaires) : ils sont supprim\u00e9s lorsque le navigateur est ferm\u00e9 ;<br \/>persistants : ils restent stock\u00e9s sous forme de fichier, m\u00eame apr\u00e8s la fermeture du navigateur, et sont supprim\u00e9s apr\u00e8s un certain temps.<br \/>Pour plus d&rsquo;informations sur les cookies, consultez le site : http:\/\/www.cookiecentral.com.<br \/>Cookies et www.imasaf.it<br \/>Le site utilise divers cookies www.imasaf.it, de diff\u00e9rents types, \u00e0 des fins et pour des objets vari\u00e9s :<br \/>cookie de premi\u00e8re partie de session, \u00e0 des fins techniques et pour le fonctionnement du syst\u00e8me (par exemple, lors de l&rsquo;authentification, de l&rsquo;autorisation et des services de navigation, auxquels on acc\u00e8de via un enregistrement) ;<br \/>cookies tiers, d&rsquo;analyse web (ex\u00e9cut\u00e9s sur la base de donn\u00e9es agr\u00e9g\u00e9es et anonymes) ;<br \/>cookies tiers, pour les outils de partage des pages et des services li\u00e9s aux r\u00e9seaux sociaux.<br \/>Toute modification apport\u00e9e \u00e0 cette politique sera publi\u00e9e dans cette section et entrera en vigueur d\u00e8s sa publication.<br \/>La poursuite de l&rsquo;utilisation de ce site web vaut acceptation de ces modifications.<\/p>\n\t\t\t\t\t\t\t\t<\/div>\n\t\t\t\t<\/div>\n\t\t\t\t\t<\/div>\n\t\t\t\t<\/div>\n\t\t\t\t<\/div>\n\t\t","protected":false},"excerpt":{"rendered":"<p>Le site www.imasaf.it utilise, dans certains cas, des cookies. Leur utilisation est principalement li\u00e9e \u00e0 des raisons techniques et au fonctionnement du syst\u00e8me. Les informations collect\u00e9es par les cookies ne visent pas \u00e0 identifier personnellement l&rsquo;utilisateur, mais contiennent des donn\u00e9es g\u00e9n\u00e9rales sur les param\u00e8tres de l&rsquo;ordinateur, le syst\u00e8me d&rsquo;exploitation, l&rsquo;adresse IP et le temps de [&hellip;]<\/p>\n","protected":false},"author":1,"featured_media":0,"parent":0,"menu_order":0,"comment_status":"closed","ping_status":"closed","template":"elementor_header_footer","meta":{"footnotes":""},"class_list":["post-7829","page","type-page","status-publish","hentry","page_cat-pagine-tecniche"],"_links":{"self":[{"href":"https:\/\/www.imasaf.it\/fr\/wp-json\/wp\/v2\/pages\/7829","targetHints":{"allow":["GET"]}}],"collection":[{"href":"https:\/\/www.imasaf.it\/fr\/wp-json\/wp\/v2\/pages"}],"about":[{"href":"https:\/\/www.imasaf.it\/fr\/wp-json\/wp\/v2\/types\/page"}],"author":[{"embeddable":true,"href":"https:\/\/www.imasaf.it\/fr\/wp-json\/wp\/v2\/users\/1"}],"replies":[{"embeddable":true,"href":"https:\/\/www.imasaf.it\/fr\/wp-json\/wp\/v2\/comments?post=7829"}],"version-history":[{"count":3,"href":"https:\/\/www.imasaf.it\/fr\/wp-json\/wp\/v2\/pages\/7829\/revisions"}],"predecessor-version":[{"id":7832,"href":"https:\/\/www.imasaf.it\/fr\/wp-json\/wp\/v2\/pages\/7829\/revisions\/7832"}],"wp:attachment":[{"href":"https:\/\/www.imasaf.it\/fr\/wp-json\/wp\/v2\/media?parent=7829"}],"curies":[{"name":"wp","href":"https:\/\/api.w.org\/{rel}","templated":true}]}}