{"id":7833,"date":"2023-10-30T10:05:58","date_gmt":"2023-10-30T09:05:58","guid":{"rendered":"https:\/\/www.imasaf.it\/reseau-de-distributeurs\/"},"modified":"2025-09-05T15:43:21","modified_gmt":"2025-09-05T13:43:21","slug":"reseau-de-distributeurs","status":"publish","type":"page","link":"https:\/\/www.imasaf.it\/fr\/reseau-de-distributeurs\/","title":{"rendered":"R\u00e9seau de distributeurs"},"content":{"rendered":"\t\t<div data-elementor-type=\"wp-page\" data-elementor-id=\"7833\" class=\"elementor elementor-7833 elementor-1558\" data-elementor-post-type=\"page\">\n\t\t\t\t<div class=\"elementor-element elementor-element-5de6dd6 e-flex e-con-boxed e-con e-parent\" data-id=\"5de6dd6\" data-element_type=\"container\" data-settings=\"{&quot;background_background&quot;:&quot;classic&quot;}\">\n\t\t\t\t\t<div class=\"e-con-inner\">\n\t\t<div class=\"elementor-element elementor-element-a65acf1 e-con-full cp-both e-flex e-con e-child\" data-id=\"a65acf1\" data-element_type=\"container\">\n\t\t\t\t<div class=\"elementor-element elementor-element-c5fcb1a breadcrumb-wrapper elementor-widget elementor-widget-heading\" data-id=\"c5fcb1a\" data-element_type=\"widget\" data-widget_type=\"heading.default\">\n\t\t\t\t<div class=\"elementor-widget-container\">\n\t\t\t\t\t<div class=\"elementor-heading-title elementor-size-default\"><nav aria-label=\"breadcrumbs\" class=\"rank-math-breadcrumb\"><p><span class=\"last\">Home<\/span><\/p><\/nav> <\/div>\t\t\t\t<\/div>\n\t\t\t\t<\/div>\n\t\t\t\t<div class=\"elementor-element elementor-element-e6e65e6 elementor-invisible elementor-widget elementor-widget-heading\" data-id=\"e6e65e6\" data-element_type=\"widget\" data-settings=\"{&quot;_animation&quot;:&quot;fadeIn&quot;}\" data-widget_type=\"heading.default\">\n\t\t\t\t<div class=\"elementor-widget-container\">\n\t\t\t\t\t<h1 class=\"elementor-heading-title elementor-size-xl\">R\u00e9seau de distributeurs<\/h1>\t\t\t\t<\/div>\n\t\t\t\t<\/div>\n\t\t\t\t<div class=\"elementor-element elementor-element-2b13543 elementor-invisible elementor-widget elementor-widget-text-editor\" data-id=\"2b13543\" data-element_type=\"widget\" data-settings=\"{&quot;_animation&quot;:&quot;fadeIn&quot;}\" data-widget_type=\"text-editor.default\">\n\t\t\t\t<div class=\"elementor-widget-container\">\n\t\t\t\t\t\t\t\t\t<p>Gr\u00e2ce \u00e0 un r\u00e9seau capillaire de revendeurs, Imasaf n&rsquo;est jamais loin.<\/p>\n\t\t\t\t\t\t\t\t<\/div>\n\t\t\t\t<\/div>\n\t\t\t\t<\/div>\n\t\t\t\t\t<\/div>\n\t\t\t\t<\/div>\n\t\t<div class=\"elementor-element elementor-element-c357763 e-flex e-con-boxed e-con e-parent\" data-id=\"c357763\" data-element_type=\"container\">\n\t\t\t\t\t<div class=\"e-con-inner\">\n\t\t<div class=\"elementor-element elementor-element-fb22a9f e-con-full cp-both e-flex e-con e-child\" data-id=\"fb22a9f\" data-element_type=\"container\">\n\t\t\t\t<div class=\"elementor-element elementor-element-96e2c55 elementor-widget elementor-widget-shortcode\" data-id=\"96e2c55\" data-element_type=\"widget\" data-widget_type=\"shortcode.default\">\n\t\t\t\t<div class=\"elementor-widget-container\">\n\t\t\t\t\t\t\t<div class=\"elementor-shortcode\">\t\t    <div class=\"custom\">\n\t\t    <script>\n\t\t        var store_locator_map_options  =  {\"enable\":\"1\",\"width\":\"100\",\"widthunit\":\"%\",\"height\":\"550\",\"heightunit\":\"PX\",\"type\":\"roadmap\",\"direction\":\"gmap\",\"unit\":\"Km\",\"zoomlevel\":\"16\",\"markerzoom\":\"16\",\"fit_screen\":\"1\",\"fill_color\":\"#ccc\",\"radius\":\"5,10,25,50,100,200,500,1000,1500,[10000]\",\"showStoresOnMapMovement\":\"0\",\"streetViewControl\":\"1\",\"mapcluster\":\"1\",\"mapTypeControl\":\"0\",\"scroll\":\"1\",\"mappoi\":\"0\",\"default_search\":\"1\",\"category\":\"hide-field\",\"tag\":\"hide-field\",\"reset_map\":\"hide-field\",\"map_window_open\":\"1\",\"map_style\":\"6\",\"marker1\":\"https:\\\/\\\/www.imasaf.it\\\/wp-content\\\/plugins\\\/wp-multi-store-locator-pro\\\/assets\\\/img\\\/red.png\",\"marker1_custom\":\"\",\"marker2\":\"https:\\\/\\\/www.imasaf.it\\\/wp-content\\\/plugins\\\/wp-multi-store-locator-pro\\\/assets\\\/img\\\/blue.png\",\"marker2_custom\":\"\",\"infowindow\":\"<div><div>{image}<\\\/div><h3 style=\\\\\\\"font-size: 1.5em\\\\\\\" >{name}<\\\/h3><p>{address} {city}, {state} {country} {zipcode}<\\\/p><span>{phone}<\\\/span><span>{website}<\\\/span><div>\",\"custom_style\":\"\"};\n\t\t        var store_locator_grid_options =  {\"enable\":\"1\",\"total_markers\":\"\",\"listing_position\":\"below_map\",\"search_window_position\":\"wpml_above_map\",\"global\":\"no\"};\n\t\t        setTimeout(function() {\n\t\t            \n\t\t            var bbb = 'Via Rometta, 71  Cittadella, Italy';\n\t\t            var bbb = bbb.replace(\"munsign\", \"\\'\");\n\t\t            \n\t\t            wpmsl_update_map(bbb,'10000');\n\t\t            jQuery('#store_locatore_search_input').val(bbb);\n\t\t            jQuery('#store_locatore_search_radius option[value=\"10000\"]').prop('selected', true);\n\t\t            if (jQuery.fn.niceSelect) {  \n\t\t                jQuery('#store_locatore_search_radius').niceSelect('update'); \n\t\t            }\n\t\t        },1000);\n\t\t    <\/script>\n\t\t    <script type='text\/javascript' src='https:\/\/www.imasaf.it\/wp-content\/plugins\/wp-multi-store-locator-pro\/\/assets\/js\/custom_script.js'><\/script>\n\t\t    \t\t    <div class=\"row ob_stor-relocator\" id=\"store-locator-id\" style=\"height:550PX;width:100%;\">\n\t\t           \t\t           \t\t<input id=\"store_locatore_map_id\" name=\"store_locatore_map_id\" type=\"hidden\" value=\"1596\">\n\t\t           \t\t<input id=\"store_locatore_direction_Addr\" name=\"store_locatore_direction_Addr\" type=\"hidden\" value=\"Via Rometta, 71  Cittadella, Italy\">\n\t\t                <input id=\"store_locatore_search_lat\" name=\"store_locatore_search_lat\" type=\"hidden\" value=\"45.6420493\">\n\t\t                <input id=\"store_locatore_search_lng\" name=\"store_locatore_search_lng\" type=\"hidden\" value=\"11.8019234\">\n\t\t        \t\t        <div class=\"loader\"><div>\n\t\t            \t\t                \t\t                    \t\t\t<div class=\"col-left leftsidebar slide-left below_map-skip wpml_above_map\">\n\t\t\t\t<div class=\"map-search-window\">\n\t            \t\t\t    <div class=\"search-options-btn\" style=\"background-color:#213654;\"><a class=\"wpml-toggle-box\"><span class=\"dashicons dashicons-menu\"><\/span><\/a>\n\t\t\t    \tSearch Options\t\t\t    <\/div>\n\t\t\t    <div class=\"store-search-fields show_store_locator\">\n\t\t\t        <form id=\"store_locator_search_form\" >\n\t\t\t            <div class=\"store_locator_field \">\n\t\t\t               <input id=\"store_locatore_get_btn\" class=\"\" style=\"background-color:#213654;\" type=\"button\" value=\"Get My Location\" \/>\n\t\t\t            <\/div>\n\t\t\t            <div class=\"store_locator_field \">\n\t\t\t        <input id=\"store_locatore_search_input\"  class=\"wpsl_search_input \" name=\"store_locatore_search_input\" type=\"text\" placeholder=\"Location \/ Zip Code\">\n\t\t\t            <\/div>\n\t\t\t\t\t\t\t\t\t            <div class=\"store_locator_field \">\n\t\t\t            <select id=\"store_locatore_search_radius\" name=\"store_locatore_search_radius\" class=\"wpsl_search_radius \">\n\t\t\t                \t\t\t                    \t\t\t                    <option value=\"5\"  >5 Km<\/option>\n\t\t\t                \t\t\t                    \t\t\t                    <option value=\"10\"  >10 Km<\/option>\n\t\t\t                \t\t\t                    \t\t\t                    <option value=\"25\"  >25 Km<\/option>\n\t\t\t                \t\t\t                    \t\t\t                    <option value=\"50\"  >50 Km<\/option>\n\t\t\t                \t\t\t                    \t\t\t                    <option value=\"100\"  >100 Km<\/option>\n\t\t\t                \t\t\t                    \t\t\t                    <option value=\"200\"  >200 Km<\/option>\n\t\t\t                \t\t\t                    \t\t\t                    <option value=\"500\"  >500 Km<\/option>\n\t\t\t                \t\t\t                    \t\t\t                    <option value=\"1000\"  >1000 Km<\/option>\n\t\t\t                \t\t\t                    \t\t\t                    <option value=\"1500\"  >1500 Km<\/option>\n\t\t\t                \t\t\t                    \t\t\t                    <option value=\"10000\" selected >10000 Km<\/option>\n\t\t\t                \t\t\t            <\/select>\n\t\t\t        <\/div>\n\t\t\t        \t\t\t        <div class=\"store_locator_field hide-field\">\n\t\t\t            <select name=\"store_locator_category\" id=\"wpsl_store_locator_category\" class=\"wpsl_locator_category \">\n\t\t\t                <option value=\"\">Select Category <\/option>\n\t\t\t\t\t\t\t\t\t\t                    <option value=\"24\"> Imasaf <\/option>\n\t\t\t                \t\t\t            <\/select>\n\t\t\t        <\/div>\n\t\t\t        \t\t\t        <div class=\"store_locator_field hide-field\">\n\t\t\t            <select name=\"store_locator_tag[]\" class=\"wpsl_locator_category \" id=\"store_locator_tag\" multiple=\"multiple\" placeholder=\"Select Tags\">\n\t\t\t\t\t\t\t\t\t\t            <\/select>\n\t\t\t        <\/div>\n\t\t\t        <div class=\"store_locator_field\">\n\t\t\t        \t<div class=\"map-btns\">               \n\t\t\t\t        <span><input id=\"store_locatore_search_btn\" style=\"background-color:#213654;\" type=\"submit\" value=\"Search\" \/><\/span>\n\t\t\t\t        \t\t\t\t\t    <\/div>\n\t\t\t    \t<\/div>\n\t\t        <\/form>\n\n\t\t\t\t<div class=\"reset_map_field hide-field\">\n\t\t\t        <div class=\"map-btns\">               \n\t\t\t\t        <button class=\"reset_store_locator\" style=\"background-color:#213654;\" onclick=\"reset_map(10000)\">Reset Map<\/button>\n\t\t\t\t\t<\/div>\n\t\t\t    <\/div>\n\n\t\t        <\/div>\n\t\t    <\/div>\n\t\t    \t        <\/div>\n\t\t\t  \n\t\t                \t\t                <div class=\"col-right right-sidebar\">\n\t\t\t\t\t\t\n\t\t                \t<!-- <div id=\"map-container\" style=\"position: relative;width: 100%;right: 0%;\" class=\"\"> -->\n\t\t                    <div id=\"map-container\" style=\"position: relative;width: 100%;right: 0%;\">\n\t\t                    <div id=\"store_locatore_search_results\"  ><\/div>\n\t\t                    <\/div>\n\t\t                          \n\t\t                <\/div>\n\t\t            <\/div>\n\t\t            <script>\n\t\t                \/\/ adding class in content div\n\t\t                jQuery( \".ob_stor-relocator\" ).addClass( \"full_width_div\" );\n\t\t                jQuery( \".loader\" ).append( '<img fetchpriority=\"high\" decoding=\"async\" class=\"load-img\" src=\"https:\/\/www.imasaf.it\/wp-content\/plugins\/wp-multi-store-locator-pro\/assets\/img\/loader.gif\" width=\"350\" height=\"350\" >' );\n\t\t                jQuery( \".ob_stor-relocator\" ).append( '<div class=\"overlay-store\"><\/div>' );\n\t\t                jQuery(document).ready(function () {\n\t\t                    jQuery( \".closesidebar\" ).click(function() {\n\t\t                        jQuery( '.leftsidebar' ).toggleClass( \"slide-left\" );\n\t\t                        jQuery( this ).toggleClass( \"arrow_right\" );\n\t\t                    });\n\t\t                });\n\t\t            <\/script>\n\t\t        <\/div><\/div>\n\t\t                              <div class=\"map-listings below_map\" style=\"height: 550px\">\n                    <\/div>\n                   \n            <\/div>\n\t\t    <\/div>\n\t\t\t\t\t\t<\/div>\n\t\t\t\t<\/div>\n\t\t\t\t<\/div>\n\t\t\t\t\t<\/div>\n\t\t\t\t<\/div>\n\t\t\t\t<\/div>\n\t\t","protected":false},"excerpt":{"rendered":"<p>Gr\u00e2ce \u00e0 un r\u00e9seau capillaire de revendeurs, Imasaf n&rsquo;est jamais loin.<\/p>\n","protected":false},"author":17,"featured_media":0,"parent":0,"menu_order":0,"comment_status":"closed","ping_status":"closed","template":"elementor_header_footer","meta":{"footnotes":""},"class_list":["post-7833","page","type-page","status-publish","hentry"],"_links":{"self":[{"href":"https:\/\/www.imasaf.it\/fr\/wp-json\/wp\/v2\/pages\/7833","targetHints":{"allow":["GET"]}}],"collection":[{"href":"https:\/\/www.imasaf.it\/fr\/wp-json\/wp\/v2\/pages"}],"about":[{"href":"https:\/\/www.imasaf.it\/fr\/wp-json\/wp\/v2\/types\/page"}],"author":[{"embeddable":true,"href":"https:\/\/www.imasaf.it\/fr\/wp-json\/wp\/v2\/users\/17"}],"replies":[{"embeddable":true,"href":"https:\/\/www.imasaf.it\/fr\/wp-json\/wp\/v2\/comments?post=7833"}],"version-history":[{"count":3,"href":"https:\/\/www.imasaf.it\/fr\/wp-json\/wp\/v2\/pages\/7833\/revisions"}],"predecessor-version":[{"id":7837,"href":"https:\/\/www.imasaf.it\/fr\/wp-json\/wp\/v2\/pages\/7833\/revisions\/7837"}],"wp:attachment":[{"href":"https:\/\/www.imasaf.it\/fr\/wp-json\/wp\/v2\/media?parent=7833"}],"curies":[{"name":"wp","href":"https:\/\/api.w.org\/{rel}","templated":true}]}}