{"id":7842,"date":"2024-12-03T09:57:55","date_gmt":"2024-12-03T08:57:55","guid":{"rendered":"https:\/\/www.imasaf.it\/catalogues\/"},"modified":"2025-09-08T17:35:35","modified_gmt":"2025-09-08T15:35:35","slug":"catalogues","status":"publish","type":"page","link":"https:\/\/www.imasaf.it\/fr\/catalogues\/","title":{"rendered":"Catalogues"},"content":{"rendered":"\t\t<div data-elementor-type=\"wp-page\" data-elementor-id=\"7842\" class=\"elementor elementor-7842 elementor-6190\" data-elementor-post-type=\"page\">\n\t\t\t\t<div class=\"elementor-element elementor-element-e261d75 e-con-full e-flex e-con e-parent\" data-id=\"e261d75\" data-element_type=\"container\">\n\t\t<div class=\"elementor-element elementor-element-e2edb44 e-con-full e-flex e-con e-child\" data-id=\"e2edb44\" data-element_type=\"container\">\n\t\t<div class=\"elementor-element elementor-element-aa486d8 e-con-full e-flex e-con e-child\" data-id=\"aa486d8\" data-element_type=\"container\" data-settings=\"{&quot;background_background&quot;:&quot;classic&quot;}\">\n\t\t\t\t<\/div>\n\t\t<div class=\"elementor-element elementor-element-e2cbcdd fullwidth-padding-right e-con-full e-flex e-con e-child\" data-id=\"e2cbcdd\" data-element_type=\"container\">\n\t\t\t\t<div class=\"elementor-element elementor-element-f4575b6 breadcrumb-wrapper elementor-widget elementor-widget-heading\" data-id=\"f4575b6\" data-element_type=\"widget\" data-widget_type=\"heading.default\">\n\t\t\t\t<div class=\"elementor-widget-container\">\n\t\t\t\t\t<div class=\"elementor-heading-title elementor-size-default\"><nav aria-label=\"breadcrumbs\" class=\"rank-math-breadcrumb\"><p><span class=\"last\">Home<\/span><\/p><\/nav> <\/div>\t\t\t\t<\/div>\n\t\t\t\t<\/div>\n\t\t\t\t<div class=\"elementor-element elementor-element-3d73ec1 elementor-invisible elementor-widget elementor-widget-heading\" data-id=\"3d73ec1\" data-element_type=\"widget\" data-settings=\"{&quot;_animation&quot;:&quot;fadeIn&quot;}\" data-widget_type=\"heading.default\">\n\t\t\t\t<div class=\"elementor-widget-container\">\n\t\t\t\t\t<h1 class=\"elementor-heading-title elementor-size-default\">NUM\u00c9RIQUE ET PAPIER<\/h1>\t\t\t\t<\/div>\n\t\t\t\t<\/div>\n\t\t\t\t<div class=\"elementor-element elementor-element-1176548 elementor-invisible elementor-widget elementor-widget-text-editor\" data-id=\"1176548\" data-element_type=\"widget\" data-settings=\"{&quot;_animation&quot;:&quot;fadeIn&quot;}\" data-widget_type=\"text-editor.default\">\n\t\t\t\t<div class=\"elementor-widget-container\">\n\t\t\t\t\t\t\t\t\t<p>Gr\u00e2ce \u00e0 notre catalogue en ligne, trouver le silencieux qui convient est simple et rapide : il suffit d&rsquo;entrer le mod\u00e8le de voiture souhait\u00e9 pour afficher les produits compatibles. De plus, pour ceux qui pr\u00e9f\u00e8rent une exp\u00e9rience plus traditionnelle, nous mettons \u00e0 disposition trois catalogues \u00e0 feuilleter, riches en d\u00e9tails techniques et en images.<\/p>\n<p>Trouver la meilleure solution est plus facile que jamais, que ce soit en ligne ou sur papier.<\/p>\n\t\t\t\t\t\t\t\t<\/div>\n\t\t\t\t<\/div>\n\t\t\t\t<div class=\"elementor-element elementor-element-9f39007 elementor-invisible elementor-widget elementor-widget-button\" data-id=\"9f39007\" data-element_type=\"widget\" data-settings=\"{&quot;_animation&quot;:&quot;fadeIn&quot;}\" data-widget_type=\"button.default\">\n\t\t\t\t<div class=\"elementor-widget-container\">\n\t\t\t\t\t\t\t\t\t<div class=\"elementor-button-wrapper\">\n\t\t\t\t\t<a class=\"elementor-button elementor-button-link elementor-size-sm\" href=\"https:\/\/web.tecalliance.net\/imasaf\/it\/home\" target=\"_blank\" rel=\"noopener\">\n\t\t\t\t\t\t<span class=\"elementor-button-content-wrapper\">\n\t\t\t\t\t\t<span class=\"elementor-button-icon\">\n\t\t\t\t<svg aria-hidden=\"true\" class=\"e-font-icon-svg e-fas-arrow-right\" viewBox=\"0 0 448 512\" xmlns=\"http:\/\/www.w3.org\/2000\/svg\"><path d=\"M190.5 66.9l22.2-22.2c9.4-9.4 24.6-9.4 33.9 0L441 239c9.4 9.4 9.4 24.6 0 33.9L246.6 467.3c-9.4 9.4-24.6 9.4-33.9 0l-22.2-22.2c-9.5-9.5-9.3-25 .4-34.3L311.4 296H24c-13.3 0-24-10.7-24-24v-32c0-13.3 10.7-24 24-24h287.4L190.9 101.2c-9.8-9.3-10-24.8-.4-34.3z\"><\/path><\/svg>\t\t\t<\/span>\n\t\t\t\t\t\t\t\t\t<span class=\"elementor-button-text\">Visitez notre catalogue en ligne<\/span>\n\t\t\t\t\t<\/span>\n\t\t\t\t\t<\/a>\n\t\t\t\t<\/div>\n\t\t\t\t\t\t\t\t<\/div>\n\t\t\t\t<\/div>\n\t\t\t\t<\/div>\n\t\t\t\t<\/div>\n\t\t\t\t<\/div>\n\t\t<div class=\"elementor-element elementor-element-5b0f5c4 e-flex e-con-boxed e-con e-parent\" data-id=\"5b0f5c4\" data-element_type=\"container\" data-settings=\"{&quot;background_background&quot;:&quot;classic&quot;}\">\n\t\t\t\t\t<div class=\"e-con-inner\">\n\t\t<div class=\"elementor-element elementor-element-c8d14ea e-con-full cp-both e-flex e-con e-child\" data-id=\"c8d14ea\" data-element_type=\"container\">\n\t\t<div class=\"elementor-element elementor-element-d023141 e-con-full e-flex e-con e-child\" data-id=\"d023141\" data-element_type=\"container\">\n\t\t\t\t<div class=\"elementor-element elementor-element-50e5965 elementor-widget elementor-widget-heading\" data-id=\"50e5965\" data-element_type=\"widget\" data-widget_type=\"heading.default\">\n\t\t\t\t<div class=\"elementor-widget-container\">\n\t\t\t\t\t<h2 class=\"elementor-heading-title elementor-size-default\">Parcourez nos catalogues<\/h2>\t\t\t\t<\/div>\n\t\t\t\t<\/div>\n\t\t\t\t<\/div>\n\t\t<div class=\"elementor-element elementor-element-8daea38 e-con-full e-flex e-con e-child\" data-id=\"8daea38\" data-element_type=\"container\">\n\t\t<div class=\"elementor-element elementor-element-309ff2d e-con-full e-flex elementor-invisible e-con e-child\" data-id=\"309ff2d\" data-element_type=\"container\" data-settings=\"{&quot;animation&quot;:&quot;fadeInUp&quot;,&quot;animation_delay&quot;:200}\">\n\t\t\t\t<div class=\"elementor-element elementor-element-e09656d elementor-widget__width-initial eael-flipbox-content-align-center elementor-invisible elementor-widget elementor-widget-eael-flip-box\" data-id=\"e09656d\" data-element_type=\"widget\" data-settings=\"{&quot;motion_fx_motion_fx_mouse&quot;:&quot;yes&quot;,&quot;_animation&quot;:&quot;fadeInLeft&quot;}\" data-widget_type=\"eael-flip-box.default\">\n\t\t\t\t<div class=\"elementor-widget-container\">\n\t\t\t\t\t        <div class=\"eael-elements-flip-box-container eael-animate-flip eael-animate-fade-in eael-content eael-flip-box-hover eael-flipbox-fixed-height eael-flipbox-dynamic\">\n\n            <div class=\"eael-elements-flip-box-flip-card\">\n                <div class=\"eael-elements-flip-box-front-container\">\n                    \n                    \n                        <div class=\"eael-elements-slider-display-table\">\n                            <div class=\"eael-elements-flip-box-vertical-align\">\n                                <div class=\"eael-elements-flip-box-padding\">\n                                    <div class=\"eael-elements-flip-box-icon-image\">\n                                                                            <\/div>\n                                    <h3 class=\"eael-elements-flip-box-heading\">Catalogue Aftermarket<\/h3>                                    <div class=\"eael-elements-flip-box-content\">\n\t                                                                        <\/div>\n                                <\/div>\n                            <\/div>\n                        <\/div>\n                                    <\/div>\n\n                <div class=\"eael-elements-flip-box-rear-container\">\n                                                                <div class=\"eael-elements-slider-display-table\">\n                            <div class=\"eael-elements-flip-box-vertical-align\">\n                                <div class=\"eael-elements-flip-box-padding\">\n                                                                                                            <h3 class=\"eael-elements-flip-box-heading\">Catalogue Aftermarket<\/h3>\n                                                                        <div class=\"eael-elements-flip-box-content\">\n                                        Notre catalogue compte plus de 11 000 produits, un nombre en constante augmentation gr\u00e2ce aux articles que nous d\u00e9veloppons chaque ann\u00e9e.                                    <\/div>\n\n                                                                            <a class=\"flipbox-button\" href=\"https:\/\/www.imasaf.it\/fr\/catalogues\/catalogue-aftermarket\/\">\n                                                                                        <p>Voir le catalogue<\/p>\n                                            <svg aria-hidden=\"true\" class=\"ea-flipbox-icon e-font-icon-svg e-fas-arrow-right\" viewBox=\"0 0 448 512\" xmlns=\"http:\/\/www.w3.org\/2000\/svg\"><path d=\"M190.5 66.9l22.2-22.2c9.4-9.4 24.6-9.4 33.9 0L441 239c9.4 9.4 9.4 24.6 0 33.9L246.6 467.3c-9.4 9.4-24.6 9.4-33.9 0l-22.2-22.2c-9.5-9.5-9.3-25 .4-34.3L311.4 296H24c-13.3 0-24-10.7-24-24v-32c0-13.3 10.7-24 24-24h287.4L190.9 101.2c-9.8-9.3-10-24.8-.4-34.3z\"><\/path><\/svg>                                                <\/a>\n                                                                    <\/div>\n                            <\/div>\n                        <\/div>\n                                    <\/div>\n            <\/div>\n        <\/div>\n        \t\t\t\t<\/div>\n\t\t\t\t<\/div>\n\t\t\t\t<\/div>\n\t\t<div class=\"elementor-element elementor-element-3f613b5 e-con-full e-flex elementor-invisible e-con e-child\" data-id=\"3f613b5\" data-element_type=\"container\" data-settings=\"{&quot;animation&quot;:&quot;fadeInUp&quot;,&quot;animation_delay&quot;:400}\">\n\t\t\t\t<div class=\"elementor-element elementor-element-f11c5e2 eael-flipbox-content-align-center elementor-invisible elementor-widget elementor-widget-eael-flip-box\" data-id=\"f11c5e2\" data-element_type=\"widget\" data-settings=\"{&quot;_animation&quot;:&quot;zoomIn&quot;}\" data-widget_type=\"eael-flip-box.default\">\n\t\t\t\t<div class=\"elementor-widget-container\">\n\t\t\t\t\t        <div class=\"eael-elements-flip-box-container eael-animate-flip eael-animate-fade-in eael-content eael-flip-box-hover eael-flipbox-fixed-height eael-flipbox-dynamic\">\n\n            <div class=\"eael-elements-flip-box-flip-card\">\n                <div class=\"eael-elements-flip-box-front-container\">\n                    \n                    \n                        <div class=\"eael-elements-slider-display-table\">\n                            <div class=\"eael-elements-flip-box-vertical-align\">\n                                <div class=\"eael-elements-flip-box-padding\">\n                                    <div class=\"eael-elements-flip-box-icon-image\">\n                                                                            <\/div>\n                                    <h3 class=\"eael-elements-flip-box-heading\">Catalogue Classic<\/h3>                                    <div class=\"eael-elements-flip-box-content\">\n\t                                                                        <\/div>\n                                <\/div>\n                            <\/div>\n                        <\/div>\n                                    <\/div>\n\n                <div class=\"eael-elements-flip-box-rear-container\">\n                                                                <div class=\"eael-elements-slider-display-table\">\n                            <div class=\"eael-elements-flip-box-vertical-align\">\n                                <div class=\"eael-elements-flip-box-padding\">\n                                                                                                            <h3 class=\"eael-elements-flip-box-heading\">Catalogue Classic<\/h3>\n                                                                        <div class=\"eael-elements-flip-box-content\">\n                                        Syst\u00e8mes d&rsquo;\u00e9chappement pour voitures anciennes qui font voyager la passion dans le temps                                    <\/div>\n\n                                                                            <a class=\"flipbox-button\" href=\"https:\/\/simplebooklet.com\/classicwebcat\" target=\"_blank\" rel=\"noopener\">\n                                                                                        <p>Voir le catalogue<\/p>\n                                            <svg aria-hidden=\"true\" class=\"ea-flipbox-icon e-font-icon-svg e-fas-arrow-right\" viewBox=\"0 0 448 512\" xmlns=\"http:\/\/www.w3.org\/2000\/svg\"><path d=\"M190.5 66.9l22.2-22.2c9.4-9.4 24.6-9.4 33.9 0L441 239c9.4 9.4 9.4 24.6 0 33.9L246.6 467.3c-9.4 9.4-24.6 9.4-33.9 0l-22.2-22.2c-9.5-9.5-9.3-25 .4-34.3L311.4 296H24c-13.3 0-24-10.7-24-24v-32c0-13.3 10.7-24 24-24h287.4L190.9 101.2c-9.8-9.3-10-24.8-.4-34.3z\"><\/path><\/svg>                                                <\/a>\n                                                                    <\/div>\n                            <\/div>\n                        <\/div>\n                                    <\/div>\n            <\/div>\n        <\/div>\n        \t\t\t\t<\/div>\n\t\t\t\t<\/div>\n\t\t\t\t<\/div>\n\t\t<div class=\"elementor-element elementor-element-e221f4a e-con-full e-flex elementor-invisible e-con e-child\" data-id=\"e221f4a\" data-element_type=\"container\" data-settings=\"{&quot;animation&quot;:&quot;fadeInUp&quot;,&quot;animation_delay&quot;:600}\">\n\t\t\t\t<div class=\"elementor-element elementor-element-9a27b38 eael-flipbox-content-align-center elementor-invisible elementor-widget elementor-widget-eael-flip-box\" data-id=\"9a27b38\" data-element_type=\"widget\" data-settings=\"{&quot;_animation&quot;:&quot;fadeInRight&quot;}\" data-widget_type=\"eael-flip-box.default\">\n\t\t\t\t<div class=\"elementor-widget-container\">\n\t\t\t\t\t        <div class=\"eael-elements-flip-box-container eael-animate-flip eael-animate-fade-in eael-content eael-flip-box-hover eael-flipbox-fixed-height eael-flipbox-dynamic\">\n\n            <div class=\"eael-elements-flip-box-flip-card\">\n                <div class=\"eael-elements-flip-box-front-container\">\n                    \n                    \n                        <div class=\"eael-elements-slider-display-table\">\n                            <div class=\"eael-elements-flip-box-vertical-align\">\n                                <div class=\"eael-elements-flip-box-padding\">\n                                    <div class=\"eael-elements-flip-box-icon-image\">\n                                                                            <\/div>\n                                    <h3 class=\"eael-elements-flip-box-heading\">Catalogue accessoires<\/h3>                                    <div class=\"eael-elements-flip-box-content\">\n\t                                                                        <\/div>\n                                <\/div>\n                            <\/div>\n                        <\/div>\n                                    <\/div>\n\n                <div class=\"eael-elements-flip-box-rear-container\">\n                                                                <div class=\"eael-elements-slider-display-table\">\n                            <div class=\"eael-elements-flip-box-vertical-align\">\n                                <div class=\"eael-elements-flip-box-padding\">\n                                                                                                            <h3 class=\"eael-elements-flip-box-heading\">Catalogue accessoires<\/h3>\n                                                                        <div class=\"eael-elements-flip-box-content\">\n                                        Une large gamme de composants de haute qualit\u00e9 pour une installation s\u00fbre et fiable dans le temps.                                    <\/div>\n\n                                                                            <a class=\"flipbox-button\" href=\"https:\/\/simplebooklet.com\/catalogoaccessoridigitalita\" target=\"_blank\" rel=\"noopener\">\n                                                                                        <p>Voir le catalogue<\/p>\n                                            <svg aria-hidden=\"true\" class=\"ea-flipbox-icon e-font-icon-svg e-fas-arrow-right\" viewBox=\"0 0 448 512\" xmlns=\"http:\/\/www.w3.org\/2000\/svg\"><path d=\"M190.5 66.9l22.2-22.2c9.4-9.4 24.6-9.4 33.9 0L441 239c9.4 9.4 9.4 24.6 0 33.9L246.6 467.3c-9.4 9.4-24.6 9.4-33.9 0l-22.2-22.2c-9.5-9.5-9.3-25 .4-34.3L311.4 296H24c-13.3 0-24-10.7-24-24v-32c0-13.3 10.7-24 24-24h287.4L190.9 101.2c-9.8-9.3-10-24.8-.4-34.3z\"><\/path><\/svg>                                                <\/a>\n                                                                    <\/div>\n                            <\/div>\n                        <\/div>\n                                    <\/div>\n            <\/div>\n        <\/div>\n        \t\t\t\t<\/div>\n\t\t\t\t<\/div>\n\t\t\t\t<\/div>\n\t\t\t\t<\/div>\n\t\t\t\t<\/div>\n\t\t\t\t\t<\/div>\n\t\t\t\t<\/div>\n\t\t\t\t<\/div>\n\t\t","protected":false},"excerpt":{"rendered":"<p>NUM\u00c9RIQUE ET PAPIER Gr\u00e2ce \u00e0 notre catalogue en ligne, trouver le silencieux qui convient est simple et rapide : il suffit d&rsquo;entrer le mod\u00e8le de voiture souhait\u00e9 pour afficher les produits compatibles. De plus, pour ceux qui pr\u00e9f\u00e8rent une exp\u00e9rience plus traditionnelle, nous mettons \u00e0 disposition trois catalogues \u00e0 feuilleter, riches en d\u00e9tails techniques et [&hellip;]<\/p>\n","protected":false},"author":22,"featured_media":0,"parent":0,"menu_order":0,"comment_status":"closed","ping_status":"closed","template":"","meta":{"footnotes":""},"class_list":["post-7842","page","type-page","status-publish","hentry"],"_links":{"self":[{"href":"https:\/\/www.imasaf.it\/fr\/wp-json\/wp\/v2\/pages\/7842","targetHints":{"allow":["GET"]}}],"collection":[{"href":"https:\/\/www.imasaf.it\/fr\/wp-json\/wp\/v2\/pages"}],"about":[{"href":"https:\/\/www.imasaf.it\/fr\/wp-json\/wp\/v2\/types\/page"}],"author":[{"embeddable":true,"href":"https:\/\/www.imasaf.it\/fr\/wp-json\/wp\/v2\/users\/22"}],"replies":[{"embeddable":true,"href":"https:\/\/www.imasaf.it\/fr\/wp-json\/wp\/v2\/comments?post=7842"}],"version-history":[{"count":6,"href":"https:\/\/www.imasaf.it\/fr\/wp-json\/wp\/v2\/pages\/7842\/revisions"}],"predecessor-version":[{"id":7896,"href":"https:\/\/www.imasaf.it\/fr\/wp-json\/wp\/v2\/pages\/7842\/revisions\/7896"}],"wp:attachment":[{"href":"https:\/\/www.imasaf.it\/fr\/wp-json\/wp\/v2\/media?parent=7842"}],"curies":[{"name":"wp","href":"https:\/\/api.w.org\/{rel}","templated":true}]}}